{"id":94,"date":"2019-05-22T05:28:46","date_gmt":"2019-05-22T03:28:46","guid":{"rendered":"http:\/\/bookhouse.cz\/?page_id=94"},"modified":"2021-04-14T23:16:57","modified_gmt":"2021-04-14T21:16:57","slug":"kontakt","status":"publish","type":"page","link":"https:\/\/bookhouse.cz\/index.php\/kontakt\/","title":{"rendered":"KONTAKT"},"content":{"rendered":"\n<div style=\"height:35px\" aria-hidden=\"true\" class=\"wp-block-spacer\"><\/div>\n\n\n\n<p><strong>HOUSE Media Group s.r.o. (HMG)<\/strong><\/p>\n\n\n\n<p>Rybn\u00e1 716\/24<\/p>\n\n\n\n<p>Praha 1 \u2013 Star\u00e9 M\u011bsto, 110 00<\/p>\n\n\n\n<p>Doru\u010dovac\u00ed adresa na redakci v odkazu<strong>\u00a0ZDE<\/strong>.<\/p>\n\n\n\n<div style=\"height:30px\" aria-hidden=\"true\" class=\"wp-block-spacer\"><\/div>\n\n\n\n<p><strong>Obchodn\u00ed a marketingov\u00e9 odd\u011blen\u00ed<\/strong><\/p>\n\n\n\n<p><strong>Tel.:<\/strong>&nbsp;+420&nbsp;<strong>608 225 180<\/strong><\/p>\n\n\n\n<p><strong>E-mail:<\/strong>\u00a0obchod @ hmg.cz<\/p>\n\n\n\n<div style=\"height:30px\" aria-hidden=\"true\" class=\"wp-block-spacer\"><\/div>\n\n\n\n<p><strong>Redakce a veden\u00ed<\/strong><\/p>\n\n\n\n<p><strong>Tel.:<\/strong>&nbsp;+420<strong>&nbsp;774 827 590<\/strong><\/p>\n\n\n\n<p><strong>E-mail:<\/strong>&nbsp;sefredaktor @ hmg.cz<\/p>\n\n\n\n<div style=\"height:100px\" aria-hidden=\"true\" class=\"wp-block-spacer\"><\/div>\n","protected":false},"excerpt":{"rendered":"<p>HOUSE Media Group s.r.o. (HMG) Rybn\u00e1 716\/24 Praha 1 \u2013 Star\u00e9 M\u011bsto, 110 00 Doru\u010dovac\u00ed adresa na redakci v odkazu\u00a0ZDE. Obchodn\u00ed a marketingov\u00e9 odd\u011blen\u00ed Tel.:&nbsp;+420&nbsp;608 225 180 E-mail:\u00a0obchod @ hmg.cz Redakce a veden\u00ed Tel.:&nbsp;+420&nbsp;774&#46;&#46;&#46;<\/p>\n","protected":false},"author":1,"featured_media":0,"parent":0,"menu_order":0,"comment_status":"closed","ping_status":"closed","template":"","meta":{"_monsterinsights_skip_tracking":false,"_monsterinsights_sitenote_active":false,"_monsterinsights_sitenote_note":"","_monsterinsights_sitenote_category":0,"footnotes":""},"yoast_head":"<!-- This site is optimized with the Yoast SEO plugin v21.5 - https:\/\/yoast.com\/wordpress\/plugins\/seo\/ -->\n<title>KONTAKT - BOOKHOUSE.cz<\/title>\n<meta name=\"robots\" content=\"index, follow, max-snippet:-1, max-image-preview:large, max-video-preview:-1\" \/>\n<link rel=\"canonical\" href=\"https:\/\/bookhouse.cz\/index.php\/kontakt\/\" \/>\n<meta property=\"og:locale\" content=\"cs_CZ\" \/>\n<meta property=\"og:type\" content=\"article\" \/>\n<meta property=\"og:title\" content=\"KONTAKT - BOOKHOUSE.cz\" \/>\n<meta property=\"og:description\" content=\"HOUSE Media Group s.r.o. (HMG) Rybn\u00e1 716\/24 Praha 1 \u2013 Star\u00e9 M\u011bsto, 110 00 Doru\u010dovac\u00ed adresa na redakci v odkazu\u00a0ZDE. Obchodn\u00ed a marketingov\u00e9 odd\u011blen\u00ed Tel.:&nbsp;+420&nbsp;608 225 180 E-mail:\u00a0obchod @ hmg.cz Redakce a veden\u00ed Tel.:&nbsp;+420&nbsp;774&#046;&#046;&#046;\" \/>\n<meta property=\"og:url\" content=\"https:\/\/bookhouse.cz\/index.php\/kontakt\/\" \/>\n<meta property=\"og:site_name\" content=\"BOOKHOUSE.cz\" \/>\n<meta property=\"article:publisher\" content=\"https:\/\/www.facebook.com\/bookhousecz\" \/>\n<meta property=\"article:modified_time\" content=\"2021-04-14T21:16:57+00:00\" \/>\n<meta name=\"twitter:card\" content=\"summary_large_image\" \/>\n<script type=\"application\/ld+json\" class=\"yoast-schema-graph\">{\"@context\":\"https:\/\/schema.org\",\"@graph\":[{\"@type\":\"WebPage\",\"@id\":\"https:\/\/bookhouse.cz\/index.php\/kontakt\/\",\"url\":\"https:\/\/bookhouse.cz\/index.php\/kontakt\/\",\"name\":\"KONTAKT - BOOKHOUSE.cz\",\"isPartOf\":{\"@id\":\"https:\/\/bookhouse.cz\/#website\"},\"datePublished\":\"2019-05-22T03:28:46+00:00\",\"dateModified\":\"2021-04-14T21:16:57+00:00\",\"breadcrumb\":{\"@id\":\"https:\/\/bookhouse.cz\/index.php\/kontakt\/#breadcrumb\"},\"inLanguage\":\"cs\",\"potentialAction\":[{\"@type\":\"ReadAction\",\"target\":[\"https:\/\/bookhouse.cz\/index.php\/kontakt\/\"]}]},{\"@type\":\"BreadcrumbList\",\"@id\":\"https:\/\/bookhouse.cz\/index.php\/kontakt\/#breadcrumb\",\"itemListElement\":[{\"@type\":\"ListItem\",\"position\":1,\"name\":\"Dom\u016f\",\"item\":\"https:\/\/bookhouse.cz\/\"},{\"@type\":\"ListItem\",\"position\":2,\"name\":\"KONTAKT\"}]},{\"@type\":\"WebSite\",\"@id\":\"https:\/\/bookhouse.cz\/#website\",\"url\":\"https:\/\/bookhouse.cz\/\",\"name\":\"BOOKHOUSE.cz\",\"description\":\"Port\u00e1l o kni\u017en\u00edch novink\u00e1ch.\",\"publisher\":{\"@id\":\"https:\/\/bookhouse.cz\/#organization\"},\"potentialAction\":[{\"@type\":\"SearchAction\",\"target\":{\"@type\":\"EntryPoint\",\"urlTemplate\":\"https:\/\/bookhouse.cz\/?s={search_term_string}\"},\"query-input\":\"required name=search_term_string\"}],\"inLanguage\":\"cs\"},{\"@type\":\"Organization\",\"@id\":\"https:\/\/bookhouse.cz\/#organization\",\"name\":\"BOOKHOUSE.cz\",\"url\":\"https:\/\/bookhouse.cz\/\",\"logo\":{\"@type\":\"ImageObject\",\"inLanguage\":\"cs\",\"@id\":\"https:\/\/bookhouse.cz\/#\/schema\/logo\/image\/\",\"url\":\"https:\/\/bookhouse.cz\/wp-content\/uploads\/2024\/12\/cropped-Logo_BookHouse.jpg\",\"contentUrl\":\"https:\/\/bookhouse.cz\/wp-content\/uploads\/2024\/12\/cropped-Logo_BookHouse.jpg\",\"width\":938,\"height\":513,\"caption\":\"BOOKHOUSE.cz\"},\"image\":{\"@id\":\"https:\/\/bookhouse.cz\/#\/schema\/logo\/image\/\"},\"sameAs\":[\"https:\/\/www.facebook.com\/bookhousecz\",\"https:\/\/www.instagram.com\/bookhousecz\"]}]}<\/script>\n<!-- \/ Yoast SEO plugin. -->","yoast_head_json":{"title":"KONTAKT - BOOKHOUSE.cz","robots":{"index":"index","follow":"follow","max-snippet":"max-snippet:-1","max-image-preview":"max-image-preview:large","max-video-preview":"max-video-preview:-1"},"canonical":"https:\/\/bookhouse.cz\/index.php\/kontakt\/","og_locale":"cs_CZ","og_type":"article","og_title":"KONTAKT - BOOKHOUSE.cz","og_description":"HOUSE Media Group s.r.o. (HMG) Rybn\u00e1 716\/24 Praha 1 \u2013 Star\u00e9 M\u011bsto, 110 00 Doru\u010dovac\u00ed adresa na redakci v odkazu\u00a0ZDE. Obchodn\u00ed a marketingov\u00e9 odd\u011blen\u00ed Tel.:&nbsp;+420&nbsp;608 225 180 E-mail:\u00a0obchod @ hmg.cz Redakce a veden\u00ed Tel.:&nbsp;+420&nbsp;774&#46;&#46;&#46;","og_url":"https:\/\/bookhouse.cz\/index.php\/kontakt\/","og_site_name":"BOOKHOUSE.cz","article_publisher":"https:\/\/www.facebook.com\/bookhousecz","article_modified_time":"2021-04-14T21:16:57+00:00","twitter_card":"summary_large_image","schema":{"@context":"https:\/\/schema.org","@graph":[{"@type":"WebPage","@id":"https:\/\/bookhouse.cz\/index.php\/kontakt\/","url":"https:\/\/bookhouse.cz\/index.php\/kontakt\/","name":"KONTAKT - BOOKHOUSE.cz","isPartOf":{"@id":"https:\/\/bookhouse.cz\/#website"},"datePublished":"2019-05-22T03:28:46+00:00","dateModified":"2021-04-14T21:16:57+00:00","breadcrumb":{"@id":"https:\/\/bookhouse.cz\/index.php\/kontakt\/#breadcrumb"},"inLanguage":"cs","potentialAction":[{"@type":"ReadAction","target":["https:\/\/bookhouse.cz\/index.php\/kontakt\/"]}]},{"@type":"BreadcrumbList","@id":"https:\/\/bookhouse.cz\/index.php\/kontakt\/#breadcrumb","itemListElement":[{"@type":"ListItem","position":1,"name":"Dom\u016f","item":"https:\/\/bookhouse.cz\/"},{"@type":"ListItem","position":2,"name":"KONTAKT"}]},{"@type":"WebSite","@id":"https:\/\/bookhouse.cz\/#website","url":"https:\/\/bookhouse.cz\/","name":"BOOKHOUSE.cz","description":"Port\u00e1l o kni\u017en\u00edch novink\u00e1ch.","publisher":{"@id":"https:\/\/bookhouse.cz\/#organization"},"potentialAction":[{"@type":"SearchAction","target":{"@type":"EntryPoint","urlTemplate":"https:\/\/bookhouse.cz\/?s={search_term_string}"},"query-input":"required name=search_term_string"}],"inLanguage":"cs"},{"@type":"Organization","@id":"https:\/\/bookhouse.cz\/#organization","name":"BOOKHOUSE.cz","url":"https:\/\/bookhouse.cz\/","logo":{"@type":"ImageObject","inLanguage":"cs","@id":"https:\/\/bookhouse.cz\/#\/schema\/logo\/image\/","url":"https:\/\/bookhouse.cz\/wp-content\/uploads\/2024\/12\/cropped-Logo_BookHouse.jpg","contentUrl":"https:\/\/bookhouse.cz\/wp-content\/uploads\/2024\/12\/cropped-Logo_BookHouse.jpg","width":938,"height":513,"caption":"BOOKHOUSE.cz"},"image":{"@id":"https:\/\/bookhouse.cz\/#\/schema\/logo\/image\/"},"sameAs":["https:\/\/www.facebook.com\/bookhousecz","https:\/\/www.instagram.com\/bookhousecz"]}]}},"_links":{"self":[{"href":"https:\/\/bookhouse.cz\/index.php\/wp-json\/wp\/v2\/pages\/94"}],"collection":[{"href":"https:\/\/bookhouse.cz\/index.php\/wp-json\/wp\/v2\/pages"}],"about":[{"href":"https:\/\/bookhouse.cz\/index.php\/wp-json\/wp\/v2\/types\/page"}],"author":[{"embeddable":true,"href":"https:\/\/bookhouse.cz\/index.php\/wp-json\/wp\/v2\/users\/1"}],"replies":[{"embeddable":true,"href":"https:\/\/bookhouse.cz\/index.php\/wp-json\/wp\/v2\/comments?post=94"}],"version-history":[{"count":2,"href":"https:\/\/bookhouse.cz\/index.php\/wp-json\/wp\/v2\/pages\/94\/revisions"}],"predecessor-version":[{"id":2766,"href":"https:\/\/bookhouse.cz\/index.php\/wp-json\/wp\/v2\/pages\/94\/revisions\/2766"}],"wp:attachment":[{"href":"https:\/\/bookhouse.cz\/index.php\/wp-json\/wp\/v2\/media?parent=94"}],"curies":[{"name":"wp","href":"https:\/\/api.w.org\/{rel}","templated":true}]}}